{"id":2988,"date":"2023-02-20T09:40:48","date_gmt":"2023-02-20T14:40:48","guid":{"rendered":"https:\/\/tales.espacioparacreadores.com\/?page_id=2988"},"modified":"2025-09-02T09:15:48","modified_gmt":"2025-09-02T14:15:48","slug":"politica-de-privacidad","status":"publish","type":"page","link":"https:\/\/tales.espacioparacreadores.com\/en\/politica-de-privacidad\/","title":{"rendered":"Privacy Policy"},"content":{"rendered":"<div data-elementor-type=\"wp-page\" data-elementor-id=\"2988\" class=\"elementor elementor-2988\">\n\t\t\t\t\t\t\t\t\t<section class=\"elementor-section elementor-top-section elementor-element elementor-element-541038e elementor-section-height-min-height elementor-section-boxed elementor-section-height-default elementor-section-items-middle\" data-id=\"541038e\" data-element_type=\"section\" data-settings=\"{&quot;background_background&quot;:&quot;classic&quot;}\">\n\t\t\t\t\t\t<div class=\"elementor-container elementor-column-gap-default\">\n\t\t\t\t\t<div class=\"elementor-column elementor-col-100 elementor-top-column elementor-element elementor-element-5907f00\" data-id=\"5907f00\" data-element_type=\"column\">\n\t\t\t<div class=\"elementor-widget-wrap elementor-element-populated\">\n\t\t\t\t\t\t\t\t<div class=\"elementor-element elementor-element-074afcd elementor-widget elementor-widget-breadcrumbs\" data-id=\"074afcd\" data-element_type=\"widget\" data-widget_type=\"breadcrumbs.default\">\n\t\t\t\t<div class=\"elementor-widget-container\">\n\t\t\t<link rel=\"stylesheet\" href=\"https:\/\/tales.espacioparacreadores.com\/wp-content\/plugins\/elementor-pro\/assets\/css\/widget-theme-elements.min.css\"><p id=\"breadcrumbs\"><span><span><a href=\"https:\/\/tales.espacioparacreadores.com\/en\/\">Home<\/a><\/span><\/span><\/p>\t\t<\/div>\n\t\t\t\t<\/div>\n\t\t\t\t<div class=\"elementor-element elementor-element-2e8917d elementor-widget elementor-widget-heading\" data-id=\"2e8917d\" data-element_type=\"widget\" data-widget_type=\"heading.default\">\n\t\t\t\t<div class=\"elementor-widget-container\">\n\t\t\t<style>\/*! elementor - v3.13.3 - 28-05-2023 *\/\n.elementor-heading-title{padding:0;margin:0;line-height:1}.elementor-widget-heading .elementor-heading-title[class*=elementor-size-]>a{color:inherit;font-size:inherit;line-height:inherit}.elementor-widget-heading .elementor-heading-title.elementor-size-small{font-size:15px}.elementor-widget-heading .elementor-heading-title.elementor-size-medium{font-size:19px}.elementor-widget-heading .elementor-heading-title.elementor-size-large{font-size:29px}.elementor-widget-heading .elementor-heading-title.elementor-size-xl{font-size:39px}.elementor-widget-heading .elementor-heading-title.elementor-size-xxl{font-size:59px}<\/style><h2 class=\"elementor-heading-title elementor-size-default\">Privacy Policy<\/h2>\t\t<\/div>\n\t\t\t\t<\/div>\n\t\t\t\t\t<\/div>\n\t\t<\/div>\n\t\t\t\t\t\t\t<\/div>\n\t\t<\/section>\n\t\t\t\t<section class=\"elementor-section elementor-top-section elementor-element elementor-element-6d25ab4 elementor-section-height-min-height elementor-section-boxed elementor-section-height-default elementor-section-items-middle\" data-id=\"6d25ab4\" data-element_type=\"section\">\n\t\t\t\t\t\t<div class=\"elementor-container elementor-column-gap-default\">\n\t\t\t\t\t<div class=\"elementor-column elementor-col-100 elementor-top-column elementor-element elementor-element-1c849a2\" data-id=\"1c849a2\" data-element_type=\"column\">\n\t\t\t<div class=\"elementor-widget-wrap elementor-element-populated\">\n\t\t\t\t\t\t\t\t<div class=\"elementor-element elementor-element-25c43f9 body elementor-widget elementor-widget-text-editor\" data-id=\"25c43f9\" data-element_type=\"widget\" data-widget_type=\"text-editor.default\">\n\t\t\t\t<div class=\"elementor-widget-container\">\n\t\t\t<style>\/*! elementor - v3.13.3 - 28-05-2023 *\/\n.elementor-widget-text-editor.elementor-drop-cap-view-stacked .elementor-drop-cap{background-color:#69727d;color:#fff}.elementor-widget-text-editor.elementor-drop-cap-view-framed .elementor-drop-cap{color:#69727d;border:3px solid;background-color:transparent}.elementor-widget-text-editor:not(.elementor-drop-cap-view-default) .elementor-drop-cap{margin-top:8px}.elementor-widget-text-editor:not(.elementor-drop-cap-view-default) .elementor-drop-cap-letter{width:1em;height:1em}.elementor-widget-text-editor .elementor-drop-cap{float:left;text-align:center;line-height:1;font-size:50px}.elementor-widget-text-editor .elementor-drop-cap-letter{display:inline-block}<\/style>\t\t\t\t<p class=\"p1\"><span class=\"s1\"><strong>Protection<\/strong><b> of Personal Information<\/b><\/span><\/p><p class=\"p1\">By entering the Site and its registration, the user authorizes WIEDII S.A.S. to use and process the personal data entered by him to the Site, for the purposes set out in the Site and in particular, in order to enable it to create a database of registered users, send commercial information, advertising, technical information WIEDII S.A.S., and \/ or its products and \/ or services to users, build business strategies with registered users and the information reported by them, use of information in operational business processes WIEDII S.A.S., programming and sending gifts, postcards and any advertising material and for any other commercial purpose to develop business relationship with users for the sale of WIEDII S.A.S. products.<\/p><p class=\"p1\">The information of users and other content published on the Site, which have the quality of personal data in accordance with the provisions of Law 1581 of 2012, will be treated as confidential and protected in accordance with Law 1581 of 2012 its other concordant and complementary rules and the policy of protection of Personal Data WIEDII S.A.S.<\/p><p class=\"p1\">WIEDII S.A.S. will take reasonable logical, administrative and physical measures to protect against unauthorized access by third parties to personal information obtained through the Site, as well as to prevent tampering, loss, unauthorized or fraudulent use by third parties of personal information.<\/p><p class=\"p1\">However, WIEDII S.A.S. is not responsible for the unauthorized entry of third parties to the Site and access to personal information of users and visitors, violating the measures through the Internet. In these events WIEDII S.A.S. will manage the security incident in accordance with the guidelines established by applicable law.<\/p><p class=\"p1\">The user authorizes WIEDII S.A.S. to disclose their personal information to the competent authorities in compliance with the law or administrative order, and to retain such information for the purposes set forth herein, and may keep it until the purpose for which such data have been obtained has been fulfilled.<\/p><p class=\"p1\">The user may exercise rights recognized by Article 8 of Law 1581 of 2012, with respect to personal data entered through the Site.<\/p><p class=\"p1\">In case of any concern, comment or question related to the handling of the user's personal data, you may contact us at the following e-mail address:<span class=\"s1\"><b> contacto@tales.espacioparacreadores.com<\/b><\/span>.<\/p>\t\t\t\t\t\t<\/div>\n\t\t\t\t<\/div>\n\t\t\t\t\t<\/div>\n\t\t<\/div>\n\t\t\t\t\t\t\t<\/div>\n\t\t<\/section>\n\t\t\t\t\t\t\t<\/div>","protected":false},"excerpt":{"rendered":"<p>Pol\u00edtica de Privacidad Protecci\u00f3n de Informaci\u00f3n Personal Mediante el ingreso al Sitio y su registro, el usuario autoriza a WIEDII S.A.S. a usar y tratar los datos personales por \u00e9l ingresados al Sitio, para los fines establecidos en el Sitio y en especial, con el fin de permitirle crear una base de datos de los [&hellip;]<\/p>","protected":false},"author":1,"featured_media":0,"parent":0,"menu_order":0,"comment_status":"closed","ping_status":"closed","template":"","meta":{"footnotes":""},"coauthors":[17],"class_list":["post-2988","page","type-page","status-publish","hentry"],"yoast_head":"<!-- This site is optimized with the Yoast SEO Premium plugin v23.4 (Yoast SEO v24.5) - https:\/\/yoast.com\/wordpress\/plugins\/seo\/ -->\n<title>Protecci\u00f3n de Informaci\u00f3n Personal Pol\u00edtica de Privacidad - Wiedii<\/title>\n<meta name=\"description\" content=\"Protecci\u00f3n de Informaci\u00f3n Personal Mediante el ingreso al Sitio y su registro, el usuario autoriza a WIEDII S.A.S.\" \/>\n<meta name=\"robots\" content=\"index, follow, max-snippet:-1, max-image-preview:large, max-video-preview:-1\" \/>\n<link rel=\"canonical\" href=\"https:\/\/tales.espacioparacreadores.com\/en\/politica-de-privacidad\/\" \/>\n<meta property=\"og:locale\" content=\"en_US\" \/>\n<meta property=\"og:type\" content=\"article\" \/>\n<meta property=\"og:title\" content=\"Pol\u00edtica de Privacidad\" \/>\n<meta property=\"og:description\" content=\"Protecci\u00f3n de Informaci\u00f3n Personal Mediante el ingreso al Sitio y su registro, el usuario autoriza a WIEDII S.A.S.\" \/>\n<meta property=\"og:url\" content=\"https:\/\/tales.espacioparacreadores.com\/en\/politica-de-privacidad\/\" \/>\n<meta property=\"og:site_name\" content=\"Wiedii\" \/>\n<meta property=\"article:modified_time\" content=\"2025-09-02T14:15:48+00:00\" \/>\n<meta name=\"twitter:card\" content=\"summary_large_image\" \/>\n<meta name=\"twitter:label1\" content=\"Est. reading time\" \/>\n\t<meta name=\"twitter:data1\" content=\"2 minutes\" \/>\n\t<meta name=\"twitter:label2\" content=\"Written by\" \/>\n\t<meta name=\"twitter:data2\" content=\"Wiedii\" \/>\n<script type=\"application\/ld+json\" class=\"yoast-schema-graph\">{\"@context\":\"https:\/\/schema.org\",\"@graph\":[{\"@type\":\"WebPage\",\"@id\":\"https:\/\/tales.espacioparacreadores.com\/politica-de-privacidad\/\",\"url\":\"https:\/\/tales.espacioparacreadores.com\/politica-de-privacidad\/\",\"name\":\"Protecci\u00f3n de Informaci\u00f3n Personal Pol\u00edtica de Privacidad - Wiedii\",\"isPartOf\":{\"@id\":\"https:\/\/tales.espacioparacreadores.com\/#website\"},\"datePublished\":\"2023-02-20T14:40:48+00:00\",\"dateModified\":\"2025-09-02T14:15:48+00:00\",\"description\":\"Protecci\u00f3n de Informaci\u00f3n Personal Mediante el ingreso al Sitio y su registro, el usuario autoriza a WIEDII S.A.S.\",\"breadcrumb\":{\"@id\":\"https:\/\/tales.espacioparacreadores.com\/politica-de-privacidad\/#breadcrumb\"},\"inLanguage\":\"en-US\",\"potentialAction\":[{\"@type\":\"ReadAction\",\"target\":[\"https:\/\/tales.espacioparacreadores.com\/politica-de-privacidad\/\"]}]},{\"@type\":\"BreadcrumbList\",\"@id\":\"https:\/\/tales.espacioparacreadores.com\/politica-de-privacidad\/#breadcrumb\",\"itemListElement\":[{\"@type\":\"ListItem\",\"position\":1,\"name\":\"Inicio\",\"item\":\"https:\/\/tales.espacioparacreadores.com\/\"},{\"@type\":\"ListItem\",\"position\":2,\"name\":\"Pol\u00edtica de Privacidad\"}]},{\"@type\":\"WebSite\",\"@id\":\"https:\/\/tales.espacioparacreadores.com\/#website\",\"url\":\"https:\/\/tales.espacioparacreadores.com\/\",\"name\":\"Wiedii\",\"description\":\"\",\"publisher\":{\"@id\":\"https:\/\/tales.espacioparacreadores.com\/#organization\"},\"potentialAction\":[{\"@type\":\"SearchAction\",\"target\":{\"@type\":\"EntryPoint\",\"urlTemplate\":\"https:\/\/tales.espacioparacreadores.com\/?s={search_term_string}\"},\"query-input\":{\"@type\":\"PropertyValueSpecification\",\"valueRequired\":true,\"valueName\":\"search_term_string\"}}],\"inLanguage\":\"en-US\"},{\"@type\":\"Organization\",\"@id\":\"https:\/\/tales.espacioparacreadores.com\/#organization\",\"name\":\"Wiedii\",\"url\":\"https:\/\/tales.espacioparacreadores.com\/\",\"logo\":{\"@type\":\"ImageObject\",\"inLanguage\":\"en-US\",\"@id\":\"https:\/\/tales.espacioparacreadores.com\/#\/schema\/logo\/image\/\",\"url\":\"https:\/\/tales.espacioparacreadores.com\/wp-content\/uploads\/2023\/01\/cropped-logo-wiedii.png\",\"contentUrl\":\"https:\/\/tales.espacioparacreadores.com\/wp-content\/uploads\/2023\/01\/cropped-logo-wiedii.png\",\"width\":111,\"height\":32,\"caption\":\"Wiedii\"},\"image\":{\"@id\":\"https:\/\/tales.espacioparacreadores.com\/#\/schema\/logo\/image\/\"},\"sameAs\":[\"https:\/\/www.instagram.com\/wiedii.co\/\"]}]}<\/script>\n<!-- \/ Yoast SEO Premium plugin. -->","yoast_head_json":{"title":"Protecci\u00f3n de Informaci\u00f3n Personal Pol\u00edtica de Privacidad - Wiedii","description":"Protecci\u00f3n de Informaci\u00f3n Personal Mediante el ingreso al Sitio y su registro, el usuario autoriza a WIEDII S.A.S.","robots":{"index":"index","follow":"follow","max-snippet":"max-snippet:-1","max-image-preview":"max-image-preview:large","max-video-preview":"max-video-preview:-1"},"canonical":"https:\/\/tales.espacioparacreadores.com\/en\/politica-de-privacidad\/","og_locale":"en_US","og_type":"article","og_title":"Pol\u00edtica de Privacidad","og_description":"Protecci\u00f3n de Informaci\u00f3n Personal Mediante el ingreso al Sitio y su registro, el usuario autoriza a WIEDII S.A.S.","og_url":"https:\/\/tales.espacioparacreadores.com\/en\/politica-de-privacidad\/","og_site_name":"Wiedii","article_modified_time":"2025-09-02T14:15:48+00:00","twitter_card":"summary_large_image","twitter_misc":{"Est. reading time":"2 minutes","Written by":"Wiedii"},"schema":{"@context":"https:\/\/schema.org","@graph":[{"@type":"WebPage","@id":"https:\/\/tales.espacioparacreadores.com\/politica-de-privacidad\/","url":"https:\/\/tales.espacioparacreadores.com\/politica-de-privacidad\/","name":"Protecci\u00f3n de Informaci\u00f3n Personal Pol\u00edtica de Privacidad - Wiedii","isPartOf":{"@id":"https:\/\/tales.espacioparacreadores.com\/#website"},"datePublished":"2023-02-20T14:40:48+00:00","dateModified":"2025-09-02T14:15:48+00:00","description":"Protecci\u00f3n de Informaci\u00f3n Personal Mediante el ingreso al Sitio y su registro, el usuario autoriza a WIEDII S.A.S.","breadcrumb":{"@id":"https:\/\/tales.espacioparacreadores.com\/politica-de-privacidad\/#breadcrumb"},"inLanguage":"en-US","potentialAction":[{"@type":"ReadAction","target":["https:\/\/tales.espacioparacreadores.com\/politica-de-privacidad\/"]}]},{"@type":"BreadcrumbList","@id":"https:\/\/tales.espacioparacreadores.com\/politica-de-privacidad\/#breadcrumb","itemListElement":[{"@type":"ListItem","position":1,"name":"Inicio","item":"https:\/\/tales.espacioparacreadores.com\/"},{"@type":"ListItem","position":2,"name":"Pol\u00edtica de Privacidad"}]},{"@type":"WebSite","@id":"https:\/\/tales.espacioparacreadores.com\/#website","url":"https:\/\/tales.espacioparacreadores.com\/","name":"Wiedii","description":"","publisher":{"@id":"https:\/\/tales.espacioparacreadores.com\/#organization"},"potentialAction":[{"@type":"SearchAction","target":{"@type":"EntryPoint","urlTemplate":"https:\/\/tales.espacioparacreadores.com\/?s={search_term_string}"},"query-input":{"@type":"PropertyValueSpecification","valueRequired":true,"valueName":"search_term_string"}}],"inLanguage":"en-US"},{"@type":"Organization","@id":"https:\/\/tales.espacioparacreadores.com\/#organization","name":"Wiedii","url":"https:\/\/tales.espacioparacreadores.com\/","logo":{"@type":"ImageObject","inLanguage":"en-US","@id":"https:\/\/tales.espacioparacreadores.com\/#\/schema\/logo\/image\/","url":"https:\/\/tales.espacioparacreadores.com\/wp-content\/uploads\/2023\/01\/cropped-logo-wiedii.png","contentUrl":"https:\/\/tales.espacioparacreadores.com\/wp-content\/uploads\/2023\/01\/cropped-logo-wiedii.png","width":111,"height":32,"caption":"Wiedii"},"image":{"@id":"https:\/\/tales.espacioparacreadores.com\/#\/schema\/logo\/image\/"},"sameAs":["https:\/\/www.instagram.com\/wiedii.co\/"]}]}},"_links":{"self":[{"href":"https:\/\/tales.espacioparacreadores.com\/en\/wp-json\/wp\/v2\/pages\/2988","targetHints":{"allow":["GET"]}}],"collection":[{"href":"https:\/\/tales.espacioparacreadores.com\/en\/wp-json\/wp\/v2\/pages"}],"about":[{"href":"https:\/\/tales.espacioparacreadores.com\/en\/wp-json\/wp\/v2\/types\/page"}],"author":[{"embeddable":true,"href":"https:\/\/tales.espacioparacreadores.com\/en\/wp-json\/wp\/v2\/users\/1"}],"replies":[{"embeddable":true,"href":"https:\/\/tales.espacioparacreadores.com\/en\/wp-json\/wp\/v2\/comments?post=2988"}],"version-history":[{"count":34,"href":"https:\/\/tales.espacioparacreadores.com\/en\/wp-json\/wp\/v2\/pages\/2988\/revisions"}],"predecessor-version":[{"id":3050,"href":"https:\/\/tales.espacioparacreadores.com\/en\/wp-json\/wp\/v2\/pages\/2988\/revisions\/3050"}],"wp:attachment":[{"href":"https:\/\/tales.espacioparacreadores.com\/en\/wp-json\/wp\/v2\/media?parent=2988"}],"wp:term":[{"taxonomy":"author","embeddable":true,"href":"https:\/\/tales.espacioparacreadores.com\/en\/wp-json\/wp\/v2\/coauthors?post=2988"}],"curies":[{"name":"wp","href":"https:\/\/api.w.org\/{rel}","templated":true}]}}